{"id":106413,"date":"2024-03-01T16:53:31","date_gmt":"2024-03-01T14:53:31","guid":{"rendered":"https:\/\/orientalcarpetshop.com\/?post_type=product&#038;p=106413"},"modified":"2026-03-06T11:25:07","modified_gmt":"2026-03-06T09:25:07","slug":"kissenbezug-mit-susani-muster-6","status":"publish","type":"product","link":"https:\/\/orientalcarpetshop.com\/de\/produkt\/kissenbezug-mit-susani-muster-6\/","title":{"rendered":"Kissenbezug mit Suzani-Muster"},"content":{"rendered":"\t\t<div data-elementor-type=\"product-post\" data-elementor-id=\"106413\" class=\"elementor elementor-106413 elementor-106411\" data-elementor-post-type=\"product\">\n\t\t\t\t\t\t<section class=\"elementor-section elementor-top-section elementor-element elementor-element-1cd0b9b7 elementor-section-boxed elementor-section-height-default elementor-section-height-default\" data-id=\"1cd0b9b7\" data-element_type=\"section\" data-e-type=\"section\">\n\t\t\t\t\t\t<div class=\"elementor-container elementor-column-gap-default\">\n\t\t\t\t\t<div class=\"elementor-column elementor-col-100 elementor-top-column elementor-element elementor-element-2126825c\" data-id=\"2126825c\" data-element_type=\"column\" data-e-type=\"column\">\n\t\t\t<div class=\"elementor-widget-wrap elementor-element-populated\">\n\t\t\t\t\t\t<div class=\"elementor-element elementor-element-6ab5e270 elementor-widget elementor-widget-text-editor\" data-id=\"6ab5e270\" data-element_type=\"widget\" data-e-type=\"widget\" data-widget_type=\"text-editor.default\">\n\t\t\t\t<div class=\"elementor-widget-container\">\n\t\t\t\t\t\t\t\t\t<p><em><strong>Produktbeschreibung \/ Kissenbezug mit Suzani-Muster: <\/strong><\/em><\/p><ul><li>Herstellungstechnik: maschinell gewebt<\/li><li>Material: Baumwolle und Acryl<\/li><li>Herkunftsort: T\u00fcrkei<\/li><\/ul><p><em><strong>Kommentar:<\/strong><\/em><\/p><p>Werfen Sie einen Blick auf unsere Chenille-Kissenbez\u00fcge aus der T\u00fcrkei mit verschiedenen Katzenmustern.<\/p><p>Die R\u00fcckseiten der Kissenbez\u00fcge sind weich, die F\u00fcllung ist durch einen Rei\u00dfverschluss austauschbar und bei 30 Grad in der Maschine waschbar.<\/p><p>Die Kissenf\u00fcllung ist im Preis nicht enthalten.<\/p><p>Wir stellen Ihnen unseren dekorativen Kissenbezug mit t\u00fcrkischem Suzani-Muster vor, der sorgf\u00e4ltig aus einer Mischung aus hochwertigen Baumwoll- und Acrylstoffen gefertigt wurde. Versenken Sie sich in den ultimativen Komfort mit unserem t\u00fcrkischen Zierkissen mit Suzan-Muster, perfekt zum Entspannen nach einem langen Tag. Der Kissenbezug mit dem leuchtenden Suzani-Muster verleiht jedem Raum einen eleganten Farbakzent und ist somit die perfekte Erg\u00e4nzung f\u00fcr Ihr Sofa, Ihren Sessel oder Ihr Bett. F\u00fcllen Sie Ihren Lebensraum mit W\u00e4rme und Stil.<\/p>\t\t\t\t\t\t\t\t<\/div>\n\t\t\t\t<\/div>\n\t\t\t\t\t<\/div>\n\t\t<\/div>\n\t\t\t\t\t<\/div>\n\t\t<\/section>\n\t\t\t\t<section class=\"elementor-section elementor-top-section elementor-element elementor-element-2326c207 elementor-section-boxed elementor-section-height-default elementor-section-height-default\" data-id=\"2326c207\" data-element_type=\"section\" data-e-type=\"section\">\n\t\t\t\t\t\t<div class=\"elementor-container elementor-column-gap-default\">\n\t\t\t\t\t<div class=\"elementor-column elementor-col-100 elementor-top-column elementor-element elementor-element-1daf30da\" data-id=\"1daf30da\" data-element_type=\"column\" data-e-type=\"column\">\n\t\t\t<div class=\"elementor-widget-wrap elementor-element-populated\">\n\t\t\t\t\t\t<div class=\"elementor-element elementor-element-3069df39 elementor-widget-divider--view-line elementor-widget elementor-widget-divider\" data-id=\"3069df39\" data-element_type=\"widget\" data-e-type=\"widget\" data-widget_type=\"divider.default\">\n\t\t\t\t<div class=\"elementor-widget-container\">\n\t\t\t\t\t\t\t<div class=\"elementor-divider\">\n\t\t\t<span class=\"elementor-divider-separator\">\n\t\t\t\t\t\t<\/span>\n\t\t<\/div>\n\t\t\t\t\t\t<\/div>\n\t\t\t\t<\/div>\n\t\t\t\t<div class=\"elementor-element elementor-element-19522236 elementor-widget elementor-widget-heading\" data-id=\"19522236\" data-element_type=\"widget\" data-e-type=\"widget\" data-widget_type=\"heading.default\">\n\t\t\t\t<div class=\"elementor-widget-container\">\n\t\t\t\t\t<h2 class=\"elementor-heading-title elementor-size-default\">\u00c4hnliche Produkte<\/h2>\t\t\t\t<\/div>\n\t\t\t\t<\/div>\n\t\t\t\t<div class=\"elementor-element elementor-element-57cd8496 elementor-widget-divider--view-line elementor-widget elementor-widget-divider\" data-id=\"57cd8496\" data-element_type=\"widget\" data-e-type=\"widget\" data-widget_type=\"divider.default\">\n\t\t\t\t<div class=\"elementor-widget-container\">\n\t\t\t\t\t\t\t<div class=\"elementor-divider\">\n\t\t\t<span class=\"elementor-divider-separator\">\n\t\t\t\t\t\t<\/span>\n\t\t<\/div>\n\t\t\t\t\t\t<\/div>\n\t\t\t\t<\/div>\n\t\t\t\t\t<\/div>\n\t\t<\/div>\n\t\t\t\t\t<\/div>\n\t\t<\/section>\n\t\t\t\t<\/div>\n\t\t","protected":false},"excerpt":{"rendered":"<ul>\n<li>Gr\u00f6\u00dfe: 45 x 45 cm<\/li>\n<li>Artikelnummer: pk-507<\/li>\n<li><strong>Der Preis enth\u00e4lt nicht die Kissenf\u00fcllung!<\/strong><\/li>\n<\/ul>\n","protected":false},"featured_media":106434,"template":"","meta":[],"product_brand":[],"product_cat":[763,769],"product_tag":[],"class_list":{"0":"post-106413","1":"product","2":"type-product","3":"status-publish","4":"has-post-thumbnail","6":"product_cat-kissenbezug","7":"product_cat-turkischer-kissenbezug","8":"pa_minta-suzani-de","9":"pa_szin-blau","10":"pa_szin-burgund-farbe","11":"pa_szin-dunkelblau","12":"pa_szin-gelb","13":"pa_szin-hellblau","14":"pa_szin-orange-de","15":"pa_szin-rot-de","16":"pa_szin-terrakotta-de","18":"first","19":"outofstock","20":"sale","21":"taxable","22":"shipping-taxable","23":"purchasable","24":"product-type-simple"},"_links":{"self":[{"href":"https:\/\/orientalcarpetshop.com\/de\/wp-json\/wp\/v2\/product\/106413","targetHints":{"allow":["GET"]}}],"collection":[{"href":"https:\/\/orientalcarpetshop.com\/de\/wp-json\/wp\/v2\/product"}],"about":[{"href":"https:\/\/orientalcarpetshop.com\/de\/wp-json\/wp\/v2\/types\/product"}],"version-history":[{"count":0,"href":"https:\/\/orientalcarpetshop.com\/de\/wp-json\/wp\/v2\/product\/106413\/revisions"}],"wp:featuredmedia":[{"embeddable":true,"href":"https:\/\/orientalcarpetshop.com\/de\/wp-json\/wp\/v2\/media\/106434"}],"wp:attachment":[{"href":"https:\/\/orientalcarpetshop.com\/de\/wp-json\/wp\/v2\/media?parent=106413"}],"wp:term":[{"taxonomy":"product_brand","embeddable":true,"href":"https:\/\/orientalcarpetshop.com\/de\/wp-json\/wp\/v2\/product_brand?post=106413"},{"taxonomy":"product_cat","embeddable":true,"href":"https:\/\/orientalcarpetshop.com\/de\/wp-json\/wp\/v2\/product_cat?post=106413"},{"taxonomy":"product_tag","embeddable":true,"href":"https:\/\/orientalcarpetshop.com\/de\/wp-json\/wp\/v2\/product_tag?post=106413"}],"curies":[{"name":"wp","href":"https:\/\/api.w.org\/{rel}","templated":true}]}}