{"id":104950,"date":"2024-02-05T17:16:57","date_gmt":"2024-02-05T15:16:57","guid":{"rendered":"https:\/\/orientalcarpetshop.com\/?post_type=product&#038;p=104950"},"modified":"2025-10-05T10:35:58","modified_gmt":"2025-10-05T08:35:58","slug":"ersari-engsi-antiker-teppich","status":"publish","type":"product","link":"https:\/\/orientalcarpetshop.com\/de\/produkt\/ersari-engsi-antiker-teppich\/","title":{"rendered":"Ersari engsi antiker Teppich."},"content":{"rendered":"\t\t<div data-elementor-type=\"product-post\" data-elementor-id=\"104950\" class=\"elementor elementor-104950 elementor-104948\" data-elementor-post-type=\"product\">\n\t\t\t\t\t\t<section class=\"elementor-section elementor-top-section elementor-element elementor-element-487787d5 elementor-section-boxed elementor-section-height-default elementor-section-height-default\" data-id=\"487787d5\" data-element_type=\"section\" data-e-type=\"section\">\n\t\t\t\t\t\t<div class=\"elementor-container elementor-column-gap-default\">\n\t\t\t\t\t<div class=\"elementor-column elementor-col-100 elementor-top-column elementor-element elementor-element-4d872769\" data-id=\"4d872769\" data-element_type=\"column\" data-e-type=\"column\">\n\t\t\t<div class=\"elementor-widget-wrap elementor-element-populated\">\n\t\t\t\t\t\t<div class=\"elementor-element elementor-element-46705178 elementor-widget elementor-widget-text-editor\" data-id=\"46705178\" data-element_type=\"widget\" data-e-type=\"widget\" data-widget_type=\"text-editor.default\">\n\t\t\t\t<div class=\"elementor-widget-container\">\n\t\t\t\t\t\t\t\t\t<p><em><strong>Produktbeschreibung \/ Ersari engsi antiker Teppich: <\/strong><\/em><\/p>\n<p>Herstellungstechnik: handgekn\u00fcpft<\/p>\n<p>Kn\u00fcpfung: Senn\u00e9<\/p>\n<p>Knotendichte: 90.000 \/ Quadratmeter<\/p>\n<p>Kette : Wolle<\/p>\n<p>Schuss: Wolle<\/p>\n<p>Flor: Wolle<\/p>\n<p>Material: 100% Wolle<\/p>\n<p>Herkunftsort: Afghanistan<\/p>\n<p>Farben: Pflanzenfarbstoffe<\/p>\n<p>Alter: Jahrhundertwende<\/p>\n<p>Zustand: gleichm\u00e4\u00dfig abgenutzt<\/p>\n<p><span style=\"text-decoration: underline;\">Waschen und Pflegen:<\/span><\/p>\n<p>\u00dcberlassen Sie die Reinigung Ihres antiken ersari engsi Teppichs einem Fachmann. Wenn Sie m\u00f6chten, dass wir Ihren Teppich von Hand reinigen, rufen Sie bitte unseren Kundendienst an oder besuchen Sie unser Teppichreinigungsmen\u00fc. <\/p>\n<p>Der Ersari engsi antike Teppich kann regelm\u00e4\u00dfig gesaugt werden, wenn etwas auf ihm versch\u00fcttet wird, ist es ratsam, ihn sofort mit einem trockenen Tuch einzuweichen und mit leicht shampooniertem (pH-neutralem) Wasser zu entfernen. Es lohnt sich, alle sechs Monate mit leicht ges\u00e4uertem Wasser (20 % Speiseessig verwenden) zu b\u00fcrsten, verwenden Sie dazu eine weiche Kleiderb\u00fcrste und sorgen Sie f\u00fcr eine schnelle Trocknung. Der Essig hellt die Farben auf und t\u00f6tet Motten und andere unerw\u00fcnschte Organismen ab. Sch\u00fctzen Sie Ihren Teppich vor starker Sonneneinstrahlung und drehen Sie ihn von Zeit zu Zeit, um sicherzustellen, dass er w\u00e4hrend der Nutzung gleichm\u00e4\u00dfig belastet wird.<\/p>\n\t\t\t\t\t\t\t\t<\/div>\n\t\t\t\t<\/div>\n\t\t\t\t\t<\/div>\n\t\t<\/div>\n\t\t\t\t\t<\/div>\n\t\t<\/section>\n\t\t\t\t<section class=\"elementor-section elementor-top-section elementor-element elementor-element-3043da46 elementor-section-boxed elementor-section-height-default elementor-section-height-default\" data-id=\"3043da46\" data-element_type=\"section\" data-e-type=\"section\">\n\t\t\t\t\t\t<div class=\"elementor-container elementor-column-gap-default\">\n\t\t\t\t\t<div class=\"elementor-column elementor-col-100 elementor-top-column elementor-element elementor-element-540b3d83\" data-id=\"540b3d83\" data-element_type=\"column\" data-e-type=\"column\">\n\t\t\t<div class=\"elementor-widget-wrap elementor-element-populated\">\n\t\t\t\t\t\t<div class=\"elementor-element elementor-element-68a76d31 elementor-widget-divider--view-line elementor-widget elementor-widget-divider\" data-id=\"68a76d31\" data-element_type=\"widget\" data-e-type=\"widget\" data-widget_type=\"divider.default\">\n\t\t\t\t<div class=\"elementor-widget-container\">\n\t\t\t\t\t\t\t<div class=\"elementor-divider\">\n\t\t\t<span class=\"elementor-divider-separator\">\n\t\t\t\t\t\t<\/span>\n\t\t<\/div>\n\t\t\t\t\t\t<\/div>\n\t\t\t\t<\/div>\n\t\t\t\t<div class=\"elementor-element elementor-element-632dde6c elementor-widget elementor-widget-heading\" data-id=\"632dde6c\" data-element_type=\"widget\" data-e-type=\"widget\" data-widget_type=\"heading.default\">\n\t\t\t\t<div class=\"elementor-widget-container\">\n\t\t\t\t\t<h2 class=\"elementor-heading-title elementor-size-default\">\u00c4hnliche Produkte<\/h2>\t\t\t\t<\/div>\n\t\t\t\t<\/div>\n\t\t\t\t<div class=\"elementor-element elementor-element-1b3832ed elementor-widget-divider--view-line elementor-widget elementor-widget-divider\" data-id=\"1b3832ed\" data-element_type=\"widget\" data-e-type=\"widget\" data-widget_type=\"divider.default\">\n\t\t\t\t<div class=\"elementor-widget-container\">\n\t\t\t\t\t\t\t<div class=\"elementor-divider\">\n\t\t\t<span class=\"elementor-divider-separator\">\n\t\t\t\t\t\t<\/span>\n\t\t<\/div>\n\t\t\t\t\t\t<\/div>\n\t\t\t\t<\/div>\n\t\t\t\t\t<\/div>\n\t\t<\/div>\n\t\t\t\t\t<\/div>\n\t\t<\/section>\n\t\t\t\t<\/div>\n\t\t","protected":false},"excerpt":{"rendered":"<ul>\n<li>Gr\u00f6\u00dfe: 180 x 127 cm<\/li>\n<li>Artikel Nr.: KR2049<\/li>\n<li>5 kg<\/li>\n<\/ul>\n","protected":false},"featured_media":104953,"template":"","meta":[],"product_brand":[],"product_cat":[771,772],"product_tag":[],"class_list":{"0":"post-104950","1":"product","2":"type-product","3":"status-publish","4":"has-post-thumbnail","6":"product_cat-orientteppich","7":"product_cat-antiker-teppich","8":"pa_meret-180-x-130-de","9":"pa_szin-braun","11":"first","12":"outofstock","13":"sale","14":"taxable","15":"shipping-taxable","16":"purchasable","17":"product-type-simple"},"_links":{"self":[{"href":"https:\/\/orientalcarpetshop.com\/de\/wp-json\/wp\/v2\/product\/104950","targetHints":{"allow":["GET"]}}],"collection":[{"href":"https:\/\/orientalcarpetshop.com\/de\/wp-json\/wp\/v2\/product"}],"about":[{"href":"https:\/\/orientalcarpetshop.com\/de\/wp-json\/wp\/v2\/types\/product"}],"version-history":[{"count":0,"href":"https:\/\/orientalcarpetshop.com\/de\/wp-json\/wp\/v2\/product\/104950\/revisions"}],"wp:featuredmedia":[{"embeddable":true,"href":"https:\/\/orientalcarpetshop.com\/de\/wp-json\/wp\/v2\/media\/104953"}],"wp:attachment":[{"href":"https:\/\/orientalcarpetshop.com\/de\/wp-json\/wp\/v2\/media?parent=104950"}],"wp:term":[{"taxonomy":"product_brand","embeddable":true,"href":"https:\/\/orientalcarpetshop.com\/de\/wp-json\/wp\/v2\/product_brand?post=104950"},{"taxonomy":"product_cat","embeddable":true,"href":"https:\/\/orientalcarpetshop.com\/de\/wp-json\/wp\/v2\/product_cat?post=104950"},{"taxonomy":"product_tag","embeddable":true,"href":"https:\/\/orientalcarpetshop.com\/de\/wp-json\/wp\/v2\/product_tag?post=104950"}],"curies":[{"name":"wp","href":"https:\/\/api.w.org\/{rel}","templated":true}]}}