{"id":104127,"date":"2024-01-17T18:14:21","date_gmt":"2024-01-17T16:14:21","guid":{"rendered":"https:\/\/orientalcarpetshop.com\/?post_type=product&#038;p=104127"},"modified":"2024-10-04T00:49:26","modified_gmt":"2024-10-03T22:49:26","slug":"antikes-teppichkissen-106-x-40-cm","status":"publish","type":"product","link":"https:\/\/orientalcarpetshop.com\/de\/produkt\/antikes-teppichkissen-106-x-40-cm\/","title":{"rendered":"Antikes Teppichkissen 106 x 44 cm"},"content":{"rendered":"\t\t<div data-elementor-type=\"product-post\" data-elementor-id=\"104127\" class=\"elementor elementor-104127 elementor-104125\" data-elementor-post-type=\"product\">\n\t\t\t\t\t\t<section class=\"elementor-section elementor-top-section elementor-element elementor-element-12b9d162 elementor-section-boxed elementor-section-height-default elementor-section-height-default\" data-id=\"12b9d162\" data-element_type=\"section\" data-e-type=\"section\">\n\t\t\t\t\t\t<div class=\"elementor-container elementor-column-gap-default\">\n\t\t\t\t\t<div class=\"elementor-column elementor-col-100 elementor-top-column elementor-element elementor-element-5ee610d\" data-id=\"5ee610d\" data-element_type=\"column\" data-e-type=\"column\">\n\t\t\t<div class=\"elementor-widget-wrap elementor-element-populated\">\n\t\t\t\t\t\t<div class=\"elementor-element elementor-element-209394e3 elementor-widget elementor-widget-text-editor\" data-id=\"209394e3\" data-element_type=\"widget\" data-e-type=\"widget\" data-widget_type=\"text-editor.default\">\n\t\t\t\t<div class=\"elementor-widget-container\">\n\t\t\t\t\t\t\t\t\t<p><em><strong>Produktbeschreibung\/ Antikes Teppichkissen 106 x 44 cm: <\/strong><\/em><\/p>\n<ul>\n<li>Herstellungstechnik: handgewebt, sehr feine Webarbeit in Soumak Technik<\/li>\n<li>Material: Wolle<\/li>\n<li>Farbstoff: pflanzlicher Farbstoff<\/li>\n<li>Alter: Ende des 19. und Anfang des 20. Jahrhunderts<\/li>\n<li>Herkunftsort: Persien, Provinz <em>Shahsevan<\/em><\/li>\n<li>R\u00fcckseite : Alter Samt<\/li>\n<\/ul>\n<p><em><strong>Kommentar:<\/strong><\/em><\/p>\n<p>Bitte sehen Sie sich unsere antiken, aus Wolle gewebten Soumak Kissenbez\u00fcge aus Persien in verschiedenen Mustern an.<\/p>\n<p>Die Kissenf\u00fcllung ist im Preis inbegriffen. Alter Samt an der R\u00fcckseite.<\/p>\n<p>Das antike Soumak Teppichkissen ist eine gute Wahl f\u00fcr die Inneneinrichtung, da es dem Raum eine besondere Atmosph\u00e4re und W\u00e4rme verleiht. Ein solcher Kissenbezug ist eine hervorragende Erg\u00e4nzung f\u00fcr ein Sofa, einen Sessel oder ein Bett und kann Ihrem Interieur einen einzigartigen Look verleihen. Dank der reizvollen Farb- und Musterkombinationen passt das antike Teppichkissen zu jedem Stil und jeder Einrichtung. Insgesamt sind antike Kissenbez\u00fcge einzigartige und elegante Accessoires, die Ihrem Zuhause Stil verleihen.<\/p>\n\t\t\t\t\t\t\t\t<\/div>\n\t\t\t\t<\/div>\n\t\t\t\t\t<\/div>\n\t\t<\/div>\n\t\t\t\t\t<\/div>\n\t\t<\/section>\n\t\t\t\t<section class=\"elementor-section elementor-top-section elementor-element elementor-element-af3e58f elementor-section-boxed elementor-section-height-default elementor-section-height-default\" data-id=\"af3e58f\" data-element_type=\"section\" data-e-type=\"section\">\n\t\t\t\t\t\t<div class=\"elementor-container elementor-column-gap-default\">\n\t\t\t\t\t<div class=\"elementor-column elementor-col-100 elementor-top-column elementor-element elementor-element-7a6794d1\" data-id=\"7a6794d1\" data-element_type=\"column\" data-e-type=\"column\">\n\t\t\t<div class=\"elementor-widget-wrap elementor-element-populated\">\n\t\t\t\t\t\t<div class=\"elementor-element elementor-element-58a57edf elementor-widget-divider--view-line elementor-widget elementor-widget-divider\" data-id=\"58a57edf\" data-element_type=\"widget\" data-e-type=\"widget\" data-widget_type=\"divider.default\">\n\t\t\t\t<div class=\"elementor-widget-container\">\n\t\t\t\t\t\t\t<div class=\"elementor-divider\">\n\t\t\t<span class=\"elementor-divider-separator\">\n\t\t\t\t\t\t<\/span>\n\t\t<\/div>\n\t\t\t\t\t\t<\/div>\n\t\t\t\t<\/div>\n\t\t\t\t<div class=\"elementor-element elementor-element-31e41b25 elementor-widget elementor-widget-heading\" data-id=\"31e41b25\" data-element_type=\"widget\" data-e-type=\"widget\" data-widget_type=\"heading.default\">\n\t\t\t\t<div class=\"elementor-widget-container\">\n\t\t\t\t\t<h2 class=\"elementor-heading-title elementor-size-default\">\u00c4hnliche Produkte<\/h2>\t\t\t\t<\/div>\n\t\t\t\t<\/div>\n\t\t\t\t<div class=\"elementor-element elementor-element-7b56dda5 elementor-widget-divider--view-line elementor-widget elementor-widget-divider\" data-id=\"7b56dda5\" data-element_type=\"widget\" data-e-type=\"widget\" data-widget_type=\"divider.default\">\n\t\t\t\t<div class=\"elementor-widget-container\">\n\t\t\t\t\t\t\t<div class=\"elementor-divider\">\n\t\t\t<span class=\"elementor-divider-separator\">\n\t\t\t\t\t\t<\/span>\n\t\t<\/div>\n\t\t\t\t\t\t<\/div>\n\t\t\t\t<\/div>\n\t\t\t\t\t<\/div>\n\t\t<\/div>\n\t\t\t\t\t<\/div>\n\t\t<\/section>\n\t\t\t\t<\/div>\n\t\t","protected":false},"excerpt":{"rendered":"<ul>\n<li>Gr\u00f6\u00dfe: 106 x 44 cm<\/li>\n<li>Artikel Nr.: KR2071<\/li>\n<li><strong>Die Kissenf\u00fcllung ist im Preis inbegriffen!<\/strong><\/li>\n<\/ul>\n","protected":false},"featured_media":104130,"template":"","meta":[],"product_brand":[],"product_cat":[763,768],"product_tag":[],"class_list":{"0":"post-104127","1":"product","2":"type-product","3":"status-publish","4":"has-post-thumbnail","6":"product_cat-kissenbezug","7":"product_cat-teppich-kissen","8":"pa_meret-100-x-40-de","10":"first","11":"instock","12":"sale","13":"taxable","14":"shipping-taxable","15":"purchasable","16":"product-type-simple"},"_links":{"self":[{"href":"https:\/\/orientalcarpetshop.com\/de\/wp-json\/wp\/v2\/product\/104127","targetHints":{"allow":["GET"]}}],"collection":[{"href":"https:\/\/orientalcarpetshop.com\/de\/wp-json\/wp\/v2\/product"}],"about":[{"href":"https:\/\/orientalcarpetshop.com\/de\/wp-json\/wp\/v2\/types\/product"}],"version-history":[{"count":0,"href":"https:\/\/orientalcarpetshop.com\/de\/wp-json\/wp\/v2\/product\/104127\/revisions"}],"wp:featuredmedia":[{"embeddable":true,"href":"https:\/\/orientalcarpetshop.com\/de\/wp-json\/wp\/v2\/media\/104130"}],"wp:attachment":[{"href":"https:\/\/orientalcarpetshop.com\/de\/wp-json\/wp\/v2\/media?parent=104127"}],"wp:term":[{"taxonomy":"product_brand","embeddable":true,"href":"https:\/\/orientalcarpetshop.com\/de\/wp-json\/wp\/v2\/product_brand?post=104127"},{"taxonomy":"product_cat","embeddable":true,"href":"https:\/\/orientalcarpetshop.com\/de\/wp-json\/wp\/v2\/product_cat?post=104127"},{"taxonomy":"product_tag","embeddable":true,"href":"https:\/\/orientalcarpetshop.com\/de\/wp-json\/wp\/v2\/product_tag?post=104127"}],"curies":[{"name":"wp","href":"https:\/\/api.w.org\/{rel}","templated":true}]}}