{"id":80906,"date":"2023-08-10T16:16:11","date_gmt":"2023-08-10T14:16:11","guid":{"rendered":"https:\/\/orientalcarpetshop.com\/ankauf-antiker-teppiche\/"},"modified":"2024-08-13T16:07:03","modified_gmt":"2024-08-13T14:07:03","slug":"ankauf-von-antiken-teppiche","status":"publish","type":"page","link":"https:\/\/orientalcarpetshop.com\/de\/ankauf-von-antiken-teppiche\/","title":{"rendered":"Ankauf von antiken Teppiche"},"content":{"rendered":"\t\t<div data-elementor-type=\"wp-page\" data-elementor-id=\"80906\" class=\"elementor elementor-80906 elementor-79855\" data-elementor-post-type=\"page\">\n\t\t\t\t\t\t<section class=\"elementor-section elementor-top-section elementor-element elementor-element-6c482a75 elementor-section-full_width elementor-section-content-middle elementor-section-height-default elementor-section-height-default\" data-id=\"6c482a75\" data-element_type=\"section\" data-e-type=\"section\">\n\t\t\t\t\t\t<div class=\"elementor-container elementor-column-gap-no\">\n\t\t\t\t\t<div class=\"elementor-column elementor-col-50 elementor-top-column elementor-element elementor-element-696a6793\" data-id=\"696a6793\" data-element_type=\"column\" data-e-type=\"column\" data-settings=\"{&quot;background_background&quot;:&quot;classic&quot;}\">\n\t\t\t<div class=\"elementor-widget-wrap elementor-element-populated\">\n\t\t\t\t\t<div class=\"elementor-background-overlay\"><\/div>\n\t\t\t\t\t\t<div class=\"elementor-element elementor-element-77943b76 elementor-widget elementor-widget-heading\" data-id=\"77943b76\" data-element_type=\"widget\" data-e-type=\"widget\" data-widget_type=\"heading.default\">\n\t\t\t\t<div class=\"elementor-widget-container\">\n\t\t\t\t\t<h4 class=\"elementor-heading-title elementor-size-default\">Ankauf von antiken Teppiche<\/h4>\t\t\t\t<\/div>\n\t\t\t\t<\/div>\n\t\t\t\t\t<\/div>\n\t\t<\/div>\n\t\t\t\t<div class=\"elementor-column elementor-col-50 elementor-top-column elementor-element elementor-element-397ab52a\" data-id=\"397ab52a\" data-element_type=\"column\" data-e-type=\"column\" data-settings=\"{&quot;background_background&quot;:&quot;gradient&quot;}\">\n\t\t\t<div class=\"elementor-widget-wrap elementor-element-populated\">\n\t\t\t\t\t\t<div class=\"elementor-element elementor-element-ced9f69 elementor-widget elementor-widget-heading\" data-id=\"ced9f69\" data-element_type=\"widget\" data-e-type=\"widget\" data-widget_type=\"heading.default\">\n\t\t\t\t<div class=\"elementor-widget-container\">\n\t\t\t\t\t<h2 class=\"elementor-heading-title elementor-size-default\">Sie haben einen antiken Orientteppich oder einen alten Perserteppich geerbt und m\u00f6chten ihn verkaufen, wissen aber nicht, welchen Preis Sie verlangen sollen?<\/h2>\t\t\t\t<\/div>\n\t\t\t\t<\/div>\n\t\t\t\t<section class=\"elementor-section elementor-inner-section elementor-element elementor-element-2efb609 elementor-section-boxed elementor-section-height-default elementor-section-height-default\" data-id=\"2efb609\" data-element_type=\"section\" data-e-type=\"section\">\n\t\t\t\t\t\t<div class=\"elementor-container elementor-column-gap-default\">\n\t\t\t\t\t<div class=\"elementor-column elementor-col-50 elementor-inner-column elementor-element elementor-element-c21d9a4\" data-id=\"c21d9a4\" data-element_type=\"column\" data-e-type=\"column\">\n\t\t\t<div class=\"elementor-widget-wrap elementor-element-populated\">\n\t\t\t\t\t\t<div class=\"elementor-element elementor-element-33cf322 elementor-widget elementor-widget-text-editor\" data-id=\"33cf322\" data-element_type=\"widget\" data-e-type=\"widget\" data-widget_type=\"text-editor.default\">\n\t\t\t\t<div class=\"elementor-widget-container\">\n\t\t\t\t\t\t\t\t\t<h3><strong><span style=\"vertical-align: inherit;\"><span style=\"vertical-align: inherit;\"><span style=\"vertical-align: inherit;\">Warum sollten Sie uns w\u00e4hlen?<\/span><\/span><\/span><\/strong><\/h3>\n<ul>\n<li>\n<p><strong><span style=\"vertical-align: inherit;\"><span style=\"vertical-align: inherit;\"><span style=\"vertical-align: inherit;\"><span style=\"vertical-align: inherit;\"><span style=\"vertical-align: inherit;\">Expertenerfahrung:<\/span><\/span><\/span><\/span><\/span><\/strong><span style=\"vertical-align: inherit;\"><span style=\"vertical-align: inherit;\"><span style=\"vertical-align: inherit;\"><span style=\"vertical-align: inherit;\"><span style=\"vertical-align: inherit;\"> Wir kaufen und bewerten seit Jahrzehnten antike Teppiche. Wir k\u00f6nnen auf 33 Jahre Berufserfahrung zur\u00fcckblicken.<\/span><\/span><\/span><\/span><\/span><\/p>\n<\/li>\n<li>\n<p><strong><span style=\"vertical-align: inherit;\"><span style=\"vertical-align: inherit;\"><span style=\"vertical-align: inherit;\"><span style=\"vertical-align: inherit;\"><span style=\"vertical-align: inherit;\">Richtige Wertsch\u00e4tzung:<\/span><\/span><\/span><\/span><\/span><\/strong><span style=\"vertical-align: inherit;\"><span style=\"vertical-align: inherit;\"><span style=\"vertical-align: inherit;\"><span style=\"vertical-align: inherit;\"><span style=\"vertical-align: inherit;\"> \u00dcber viele Jahre hinweg haben wir uns einen guten Ruf auf dem Markt f\u00fcr antike Teppiche erworben. Unsere Kunden k\u00f6nnen sich darauf verlassen, dass wir eine objektive und faire Wertsch\u00e4tzung bieten. Jedes Detail wird ber\u00fccksichtigt, um sicherzustellen, dass Sie den bestm\u00f6glichen Preis f\u00fcr Ihren Teppich erhalten. Beim Kauf von Teppichen ber\u00fccksichtigen wir die Originalit\u00e4t, den Zustand und den k\u00fcnstlerischen Wert. <\/span><\/span><\/span><\/span><\/span><\/p>\n<\/li>\n<li>\n<p><strong><span style=\"vertical-align: inherit;\"><span style=\"vertical-align: inherit;\"><span style=\"vertical-align: inherit;\"><span style=\"vertical-align: inherit;\"><span style=\"vertical-align: inherit;\">Ein bequemer Prozess:<\/span><\/span><\/span><\/span><\/span><\/strong><span style=\"vertical-align: inherit;\"><span style=\"vertical-align: inherit;\"><span style=\"vertical-align: inherit;\"><span style=\"vertical-align: inherit;\"><span style=\"vertical-align: inherit;\"> Beim Ankauf von Teppichen haben wir immer ihren Komfort und ihre Zufriedenheit im Blick. Wir besuchen Sie zu flexiblen Zeiten und wickeln den Verkauf schnell ab.<\/span><\/span><\/span><\/span><\/span><\/p>\n<\/li>\n<li>\n<p><strong><span style=\"vertical-align: inherit;\"><span style=\"vertical-align: inherit;\"><span style=\"vertical-align: inherit;\"><span style=\"vertical-align: inherit;\"><span style=\"vertical-align: inherit;\">Breite Auswahl:<\/span><\/span><\/span><\/span><\/span><\/strong><span style=\"vertical-align: inherit;\"><span style=\"vertical-align: inherit;\"><span style=\"vertical-align: inherit;\"><span style=\"vertical-align: inherit;\"><span style=\"vertical-align: inherit;\"> Wir bieten eine gro\u00dfe Auswahl antiker Teppiche, Perserteppiche und Teppiche aus zweiter Hand. Wenn Sie einen Teppich kaufen m\u00f6chten, finden Sie hier das perfekte St\u00fcck!<\/span><\/span><\/span><\/span><\/span><\/p>\n<\/li>\n<\/ul>\n\t\t\t\t\t\t\t\t<\/div>\n\t\t\t\t<\/div>\n\t\t\t\t\t<\/div>\n\t\t<\/div>\n\t\t\t\t<div class=\"elementor-column elementor-col-50 elementor-inner-column elementor-element elementor-element-8d5ece9\" data-id=\"8d5ece9\" data-element_type=\"column\" data-e-type=\"column\">\n\t\t\t<div class=\"elementor-widget-wrap elementor-element-populated\">\n\t\t\t\t\t\t<div class=\"elementor-element elementor-element-5ba5c17 elementor-widget elementor-widget-text-editor\" data-id=\"5ba5c17\" data-element_type=\"widget\" data-e-type=\"widget\" data-widget_type=\"text-editor.default\">\n\t\t\t\t<div class=\"elementor-widget-container\">\n\t\t\t\t\t\t\t\t\t<h3><strong><span style=\"vertical-align: inherit;\"><span style=\"vertical-align: inherit;\"><span style=\"vertical-align: inherit;\"><span style=\"vertical-align: inherit;\">Wie funktioniert das?<\/span><\/span><\/span><\/span><\/strong><\/h3>\n<ol>\n<li>\n<p><strong><span style=\"vertical-align: inherit;\"><span style=\"vertical-align: inherit;\">Bewertung:<\/span><\/span><\/strong><span style=\"vertical-align: inherit;\"><span style=\"vertical-align: inherit;\"> Kontaktieren Sie uns, um einen Termin f\u00fcr eine kostenlose Teppichbewertung zu vereinbaren. Wenn Sie die M\u00f6glichkeit haben, machen Sie bitte so viele Fotos in guter Qualit\u00e4t wie m\u00f6glich und schicken Sie uns diese per email: <a href=\"mailto:keleti52@gmail.com\">keleti52@gmail.com<\/a> oder per Telefon: <\/span><\/span><em><strong><span style=\"vertical-align: inherit;\"><span style=\"vertical-align: inherit;\">+36-30-9422-891, Keszei P\u00e9ter<\/span><\/span><\/strong><\/em><\/p>\n<\/li>\n<li>\n<p><strong><span style=\"vertical-align: inherit;\"><span style=\"vertical-align: inherit;\">Angebot:<\/span><\/span><\/strong><span style=\"vertical-align: inherit;\"><span style=\"vertical-align: inherit;\"> Sobald die Wertbestimmung abgeschlossen ist, erhalten Sie von uns ein Angebot zum Kauf des Teppichs. <\/span><\/span> <\/p>\n<\/li>\n<li>\n<p><strong><span style=\"vertical-align: inherit;\"><span style=\"vertical-align: inherit;\">Vorgang:<\/span><\/span><\/strong><span style=\"vertical-align: inherit;\"><span style=\"vertical-align: inherit;\"> Wenn Sie mit unserem Angebot \u00fcbereinstimmen, zahlen wir den vereinbarten Betrag sofort in bar oder per \u00dcberweisung.<\/span><\/span><\/p>\n<\/li>\n<\/ol>\n<p><span style=\"vertical-align: inherit;\"><span style=\"vertical-align: inherit;\"><span style=\"vertical-align: inherit;\"><span style=\"vertical-align: inherit;\">Wenn Sie einen antiken, persischen oder gebrauchten Teppich haben, den Sie verkaufen m\u00f6chten, kontaktieren Sie uns bitte! Unser Ziel ist es, die Geschichte dieser sch\u00f6nen Teppiche fortzusetzen und ihnen einen w\u00fcrdigen Platz in der Welt der Kunst und der Innenarchitektur zu verschaffen. Vertrauen Sie uns Ihre Sch\u00e4tze an und wir werden sie f\u00fcr zuk\u00fcnftige Generationen bewahren!<\/span><\/span><\/span><\/span><\/p>\n<p><a href=\"https:\/\/keletiszonyegbolt.hu\/hu\/regi\" target=\"_blank\" rel=\"noopener\"><span style=\"vertical-align: inherit;\"><span style=\"vertical-align: inherit;\"><span style=\"vertical-align: inherit;\"><span style=\"vertical-align: inherit;\">https:\/\/keletiszonyegbolt.hu\/hu\/regi<\/span><\/span><\/span><\/span><\/a><\/p>\n\t\t\t\t\t\t\t\t<\/div>\n\t\t\t\t<\/div>\n\t\t\t\t\t<\/div>\n\t\t<\/div>\n\t\t\t\t\t<\/div>\n\t\t<\/section>\n\t\t\t\t\t<\/div>\n\t\t<\/div>\n\t\t\t\t\t<\/div>\n\t\t<\/section>\n\t\t\t\t<section class=\"elementor-section elementor-top-section elementor-element elementor-element-661733c7 elementor-section-content-middle elementor-section-boxed elementor-section-height-default elementor-section-height-default\" data-id=\"661733c7\" data-element_type=\"section\" data-e-type=\"section\" data-settings=\"{&quot;background_background&quot;:&quot;video&quot;}\">\n\t\t\t\t\t\t<div class=\"elementor-container elementor-column-gap-no\">\n\t\t\t\t\t<div class=\"elementor-column elementor-col-50 elementor-top-column elementor-element elementor-element-44158e92\" data-id=\"44158e92\" data-element_type=\"column\" data-e-type=\"column\">\n\t\t\t<div class=\"elementor-widget-wrap elementor-element-populated\">\n\t\t\t\t\t\t<div class=\"elementor-element elementor-element-78bd1ec8 elementor-widget elementor-widget-heading\" data-id=\"78bd1ec8\" data-element_type=\"widget\" data-e-type=\"widget\" data-widget_type=\"heading.default\">\n\t\t\t\t<div class=\"elementor-widget-container\">\n\t\t\t\t\t<h2 class=\"elementor-heading-title elementor-size-default\">Ankauf von antiken Perserteppiche<\/h2>\t\t\t\t<\/div>\n\t\t\t\t<\/div>\n\t\t\t\t<div class=\"elementor-element elementor-element-28f5ea7f elementor-widget elementor-widget-text-editor\" data-id=\"28f5ea7f\" data-element_type=\"widget\" data-e-type=\"widget\" data-widget_type=\"text-editor.default\">\n\t\t\t\t<div class=\"elementor-widget-container\">\n\t\t\t\t\t\t\t\t\t<p><span style=\"vertical-align: inherit;\"><span style=\"vertical-align: inherit;\"><span style=\"vertical-align: inherit;\"><span style=\"vertical-align: inherit;\"><span style=\"vertical-align: inherit;\">Wir sind auf der Suche nach den folgenden Arten von Perserteppichen:<\/span><\/span><\/span><\/span><\/span><\/p><p><span style=\"vertical-align: inherit;\">Heriz, Karadja, Tabriz, Veramin, Bakhtiari, Bidjar, Kurd, Senneh, Hamadan, Malayer, Ferahan, Sarough, Mahal, Ghom, Isfahan, Kashan, Nain, Afschar, Shiraz, Qashgai, Khamseh, Kirman<\/span><\/p>\t\t\t\t\t\t\t\t<\/div>\n\t\t\t\t<\/div>\n\t\t\t\t<div class=\"elementor-element elementor-element-7f87041d elementor-widget elementor-widget-image\" data-id=\"7f87041d\" data-element_type=\"widget\" data-e-type=\"widget\" data-widget_type=\"image.default\">\n\t\t\t\t<div class=\"elementor-widget-container\">\n\t\t\t\t\t\t\t\t\t\t\t\t\t\t\t<img fetchpriority=\"high\" decoding=\"async\" width=\"830\" height=\"1080\" src=\"https:\/\/orientalcarpetshop.com\/wp-content\/uploads\/2023\/08\/KR2006-antik-tabriz-kezi-csomozasu-jelzett-antik-gyapju-szonyeg-perzsiabol-a-1.jpg\" class=\"elementor-animation-grow attachment-full size-full wp-image-80767\" alt=\"Tabriz perzsa sz\u0151nyeg 188 x 141 cm-KR2006-antik-tabriz-k\u00e9zi-csom\u00f3z\u00e1s\u00fa-jelzett-antik-gyapj\u00fa-sz\u0151nyeg-Perzsi\u00e1b\u00f3l-a\" srcset=\"https:\/\/orientalcarpetshop.com\/wp-content\/uploads\/2023\/08\/KR2006-antik-tabriz-kezi-csomozasu-jelzett-antik-gyapju-szonyeg-perzsiabol-a-1.jpg 830w, https:\/\/orientalcarpetshop.com\/wp-content\/uploads\/2023\/08\/KR2006-antik-tabriz-kezi-csomozasu-jelzett-antik-gyapju-szonyeg-perzsiabol-a-1-231x300.jpg 231w, https:\/\/orientalcarpetshop.com\/wp-content\/uploads\/2023\/08\/KR2006-antik-tabriz-kezi-csomozasu-jelzett-antik-gyapju-szonyeg-perzsiabol-a-1-787x1024.jpg 787w, https:\/\/orientalcarpetshop.com\/wp-content\/uploads\/2023\/08\/KR2006-antik-tabriz-kezi-csomozasu-jelzett-antik-gyapju-szonyeg-perzsiabol-a-1-768x999.jpg 768w\" sizes=\"(max-width: 830px) 100vw, 830px\" \/>\t\t\t\t\t\t\t\t\t\t\t\t\t\t\t<\/div>\n\t\t\t\t<\/div>\n\t\t\t\t\t<\/div>\n\t\t<\/div>\n\t\t\t\t<div class=\"elementor-column elementor-col-50 elementor-top-column elementor-element elementor-element-9d099dd\" data-id=\"9d099dd\" data-element_type=\"column\" data-e-type=\"column\">\n\t\t\t<div class=\"elementor-widget-wrap elementor-element-populated\">\n\t\t\t\t\t\t<div class=\"elementor-element elementor-element-b065e40 elementor-widget elementor-widget-heading\" data-id=\"b065e40\" data-element_type=\"widget\" data-e-type=\"widget\" data-widget_type=\"heading.default\">\n\t\t\t\t<div class=\"elementor-widget-container\">\n\t\t\t\t\t<h2 class=\"elementor-heading-title elementor-size-default\">Ankauf von antiken kaukasischen Teppiche<\/h2>\t\t\t\t<\/div>\n\t\t\t\t<\/div>\n\t\t\t\t<div class=\"elementor-element elementor-element-ebf2638 elementor-widget elementor-widget-text-editor\" data-id=\"ebf2638\" data-element_type=\"widget\" data-e-type=\"widget\" data-widget_type=\"text-editor.default\">\n\t\t\t\t<div class=\"elementor-widget-container\">\n\t\t\t\t\t\t\t\t\t<p><span style=\"vertical-align: inherit;\"><span style=\"vertical-align: inherit;\"><span style=\"vertical-align: inherit;\"><span style=\"vertical-align: inherit;\"><span style=\"vertical-align: inherit;\">Wir sind auf der Suche nach den folgenden Arten von kaukasischen Teppichen:<\/span><\/span><\/span><\/span><\/span><\/p><p><span style=\"vertical-align: inherit;\">Kazak, Karabagh, Shirvan, Gendje, Talis, Mogan, Lenkoran, Akstafa, Eriwan, Seikhur, Baku, Kuba, Dagestan, Soumak, Verneh, Sileh<\/span><\/p>\t\t\t\t\t\t\t\t<\/div>\n\t\t\t\t<\/div>\n\t\t\t\t<div class=\"elementor-element elementor-element-53bd622 elementor-widget elementor-widget-image\" data-id=\"53bd622\" data-element_type=\"widget\" data-e-type=\"widget\" data-widget_type=\"image.default\">\n\t\t\t\t<div class=\"elementor-widget-container\">\n\t\t\t\t\t\t\t\t\t\t\t\t\t\t\t<img decoding=\"async\" width=\"550\" height=\"850\" src=\"https:\/\/orientalcarpetshop.com\/wp-content\/uploads\/2023\/08\/antik-kakukazusi-szonyeg-felvasarlas.png\" class=\"elementor-animation-grow attachment-full size-full wp-image-80792\" alt=\"antik-kakukazusi-szonyeg-felvasarlas\" srcset=\"https:\/\/orientalcarpetshop.com\/wp-content\/uploads\/2023\/08\/antik-kakukazusi-szonyeg-felvasarlas.png 550w, https:\/\/orientalcarpetshop.com\/wp-content\/uploads\/2023\/08\/antik-kakukazusi-szonyeg-felvasarlas-194x300.png 194w\" sizes=\"(max-width: 550px) 100vw, 550px\" \/>\t\t\t\t\t\t\t\t\t\t\t\t\t\t\t<\/div>\n\t\t\t\t<\/div>\n\t\t\t\t\t<\/div>\n\t\t<\/div>\n\t\t\t\t\t<\/div>\n\t\t<\/section>\n\t\t\t\t<section class=\"elementor-section elementor-top-section elementor-element elementor-element-4f10b6b elementor-section-content-middle elementor-section-boxed elementor-section-height-default elementor-section-height-default\" data-id=\"4f10b6b\" data-element_type=\"section\" data-e-type=\"section\" data-settings=\"{&quot;background_background&quot;:&quot;video&quot;}\">\n\t\t\t\t\t\t<div class=\"elementor-container elementor-column-gap-no\">\n\t\t\t\t\t<div class=\"elementor-column elementor-col-50 elementor-top-column elementor-element elementor-element-3ee2177\" data-id=\"3ee2177\" data-element_type=\"column\" data-e-type=\"column\">\n\t\t\t<div class=\"elementor-widget-wrap elementor-element-populated\">\n\t\t\t\t\t\t<div class=\"elementor-element elementor-element-4c465a7 elementor-widget elementor-widget-heading\" data-id=\"4c465a7\" data-element_type=\"widget\" data-e-type=\"widget\" data-widget_type=\"heading.default\">\n\t\t\t\t<div class=\"elementor-widget-container\">\n\t\t\t\t\t<h2 class=\"elementor-heading-title elementor-size-default\">Ankauf von antiken anatolischen Teppiche<\/h2>\t\t\t\t<\/div>\n\t\t\t\t<\/div>\n\t\t\t\t<div class=\"elementor-element elementor-element-fc82071 elementor-widget elementor-widget-text-editor\" data-id=\"fc82071\" data-element_type=\"widget\" data-e-type=\"widget\" data-widget_type=\"text-editor.default\">\n\t\t\t\t<div class=\"elementor-widget-container\">\n\t\t\t\t\t\t\t\t\t<p><span style=\"vertical-align: inherit;\"><span style=\"vertical-align: inherit;\"><span style=\"vertical-align: inherit;\"><span style=\"vertical-align: inherit;\"><span style=\"vertical-align: inherit;\">Wir sind auf der Suche nach den folgenden Arten von anatolischen Teppichen:<\/span><\/span><\/span><\/span><\/span><\/p><p><span style=\"vertical-align: inherit;\">Usak, Bergama, Dazkiri, Kula, Melas, Karapinar, Konya, Ladik, Mudjur, Yuruk, Hereke, Kum Kapi<\/span><\/p>\t\t\t\t\t\t\t\t<\/div>\n\t\t\t\t<\/div>\n\t\t\t\t<div class=\"elementor-element elementor-element-593e65b elementor-widget elementor-widget-image\" data-id=\"593e65b\" data-element_type=\"widget\" data-e-type=\"widget\" data-widget_type=\"image.default\">\n\t\t\t\t<div class=\"elementor-widget-container\">\n\t\t\t\t\t\t\t\t\t\t\t\t\t\t\t<img decoding=\"async\" width=\"830\" height=\"1080\" src=\"https:\/\/orientalcarpetshop.com\/wp-content\/uploads\/2023\/08\/antik-anatoliai-szonyegek-felvasarlasa.png\" class=\"elementor-animation-grow attachment-full size-full wp-image-80813\" alt=\"antik-anatoliai-szonyegek-felvasarlasa\" srcset=\"https:\/\/orientalcarpetshop.com\/wp-content\/uploads\/2023\/08\/antik-anatoliai-szonyegek-felvasarlasa.png 830w, https:\/\/orientalcarpetshop.com\/wp-content\/uploads\/2023\/08\/antik-anatoliai-szonyegek-felvasarlasa-231x300.png 231w, https:\/\/orientalcarpetshop.com\/wp-content\/uploads\/2023\/08\/antik-anatoliai-szonyegek-felvasarlasa-787x1024.png 787w, https:\/\/orientalcarpetshop.com\/wp-content\/uploads\/2023\/08\/antik-anatoliai-szonyegek-felvasarlasa-768x999.png 768w\" sizes=\"(max-width: 830px) 100vw, 830px\" \/>\t\t\t\t\t\t\t\t\t\t\t\t\t\t\t<\/div>\n\t\t\t\t<\/div>\n\t\t\t\t\t<\/div>\n\t\t<\/div>\n\t\t\t\t<div class=\"elementor-column elementor-col-50 elementor-top-column elementor-element elementor-element-225baa0\" data-id=\"225baa0\" data-element_type=\"column\" data-e-type=\"column\">\n\t\t\t<div class=\"elementor-widget-wrap elementor-element-populated\">\n\t\t\t\t\t\t<div class=\"elementor-element elementor-element-69c5aef elementor-widget elementor-widget-heading\" data-id=\"69c5aef\" data-element_type=\"widget\" data-e-type=\"widget\" data-widget_type=\"heading.default\">\n\t\t\t\t<div class=\"elementor-widget-container\">\n\t\t\t\t\t<h2 class=\"elementor-heading-title elementor-size-default\">Ankauf von antiken turkmenischen Teppiche<\/h2>\t\t\t\t<\/div>\n\t\t\t\t<\/div>\n\t\t\t\t<div class=\"elementor-element elementor-element-a775d1d elementor-widget elementor-widget-text-editor\" data-id=\"a775d1d\" data-element_type=\"widget\" data-e-type=\"widget\" data-widget_type=\"text-editor.default\">\n\t\t\t\t<div class=\"elementor-widget-container\">\n\t\t\t\t\t\t\t\t\t<p><span style=\"vertical-align: inherit;\"><span style=\"vertical-align: inherit;\"><span style=\"vertical-align: inherit;\"><span style=\"vertical-align: inherit;\"><span style=\"vertical-align: inherit;\">Wir sind auf der Suche nach den folgenden Arten von turkmenischen Teppichen:<\/span><\/span><\/span><\/span><\/span><\/p><p><span style=\"vertical-align: inherit;\">Salor, Saryk, Tekke, Jomud, Arabatshi, Choudor, Ersari<\/span><\/p>\t\t\t\t\t\t\t\t<\/div>\n\t\t\t\t<\/div>\n\t\t\t\t<div class=\"elementor-element elementor-element-86c3bfa elementor-widget elementor-widget-image\" data-id=\"86c3bfa\" data-element_type=\"widget\" data-e-type=\"widget\" data-widget_type=\"image.default\">\n\t\t\t\t<div class=\"elementor-widget-container\">\n\t\t\t\t\t\t\t\t\t\t\t\t\t\t\t<img loading=\"lazy\" decoding=\"async\" width=\"830\" height=\"1080\" src=\"https:\/\/orientalcarpetshop.com\/wp-content\/uploads\/2023\/08\/antik-turkman-szonyegek-felvasarlasa.png\" class=\"elementor-animation-grow attachment-full size-full wp-image-80816\" alt=\"antik-turkman-szonyegek-felvasarlasa\" srcset=\"https:\/\/orientalcarpetshop.com\/wp-content\/uploads\/2023\/08\/antik-turkman-szonyegek-felvasarlasa.png 830w, https:\/\/orientalcarpetshop.com\/wp-content\/uploads\/2023\/08\/antik-turkman-szonyegek-felvasarlasa-231x300.png 231w, https:\/\/orientalcarpetshop.com\/wp-content\/uploads\/2023\/08\/antik-turkman-szonyegek-felvasarlasa-787x1024.png 787w, https:\/\/orientalcarpetshop.com\/wp-content\/uploads\/2023\/08\/antik-turkman-szonyegek-felvasarlasa-768x999.png 768w\" sizes=\"(max-width: 830px) 100vw, 830px\" \/>\t\t\t\t\t\t\t\t\t\t\t\t\t\t\t<\/div>\n\t\t\t\t<\/div>\n\t\t\t\t\t<\/div>\n\t\t<\/div>\n\t\t\t\t\t<\/div>\n\t\t<\/section>\n\t\t\t\t<\/div>\n\t\t","protected":false},"excerpt":{"rendered":"<p>Ankauf von antiken Teppiche Sie haben einen antiken Orientteppich oder einen alten Perserteppich geerbt und m\u00f6chten ihn verkaufen, wissen aber nicht, welchen Preis Sie verlangen sollen? Warum sollten Sie uns w\u00e4hlen? Expertenerfahrung: Wir kaufen und bewerten seit Jahrzehnten antike Teppiche. Wir k\u00f6nnen auf 33 Jahre Berufserfahrung zur\u00fcckblicken. Richtige Wertsch\u00e4tzung: \u00dcber viele Jahre hinweg haben wir&hellip;<\/p>\n","protected":false},"author":7,"featured_media":0,"parent":0,"menu_order":0,"comment_status":"closed","ping_status":"closed","template":"elementor_header_footer","meta":{"footnotes":""},"class_list":["post-80906","page","type-page","status-publish","hentry"],"_links":{"self":[{"href":"https:\/\/orientalcarpetshop.com\/de\/wp-json\/wp\/v2\/pages\/80906","targetHints":{"allow":["GET"]}}],"collection":[{"href":"https:\/\/orientalcarpetshop.com\/de\/wp-json\/wp\/v2\/pages"}],"about":[{"href":"https:\/\/orientalcarpetshop.com\/de\/wp-json\/wp\/v2\/types\/page"}],"author":[{"embeddable":true,"href":"https:\/\/orientalcarpetshop.com\/de\/wp-json\/wp\/v2\/users\/7"}],"replies":[{"embeddable":true,"href":"https:\/\/orientalcarpetshop.com\/de\/wp-json\/wp\/v2\/comments?post=80906"}],"version-history":[{"count":0,"href":"https:\/\/orientalcarpetshop.com\/de\/wp-json\/wp\/v2\/pages\/80906\/revisions"}],"wp:attachment":[{"href":"https:\/\/orientalcarpetshop.com\/de\/wp-json\/wp\/v2\/media?parent=80906"}],"curies":[{"name":"wp","href":"https:\/\/api.w.org\/{rel}","templated":true}]}}