{"id":80216,"date":"2023-04-22T12:49:48","date_gmt":"2023-04-22T10:49:48","guid":{"rendered":"https:\/\/orientalcarpetshop.com\/reinigung-von-orientalischen-teppichen\/"},"modified":"2024-08-13T16:15:34","modified_gmt":"2024-08-13T14:15:34","slug":"reinigung-von-orientalischen-teppichen","status":"publish","type":"page","link":"https:\/\/orientalcarpetshop.com\/de\/reinigung-von-orientalischen-teppichen\/","title":{"rendered":"Reinigung von orientalischen Teppichen"},"content":{"rendered":"\t\t<div data-elementor-type=\"wp-page\" data-elementor-id=\"80216\" class=\"elementor elementor-80216 elementor-70845\" data-elementor-post-type=\"page\">\n\t\t\t\t\t\t<section class=\"elementor-section elementor-top-section elementor-element elementor-element-d791b52 elementor-section-boxed elementor-section-height-default elementor-section-height-default\" data-id=\"d791b52\" data-element_type=\"section\" data-e-type=\"section\">\n\t\t\t\t\t\t<div class=\"elementor-container elementor-column-gap-default\">\n\t\t\t\t\t<div class=\"elementor-column elementor-col-100 elementor-top-column elementor-element elementor-element-af8c80e\" data-id=\"af8c80e\" data-element_type=\"column\" data-e-type=\"column\">\n\t\t\t<div class=\"elementor-widget-wrap elementor-element-populated\">\n\t\t\t\t\t\t<div class=\"elementor-element elementor-element-66d7004 elementor-widget elementor-widget-heading\" data-id=\"66d7004\" data-element_type=\"widget\" data-e-type=\"widget\" data-widget_type=\"heading.default\">\n\t\t\t\t<div class=\"elementor-widget-container\">\n\t\t\t\t\t<h2 class=\"elementor-heading-title elementor-size-default\">Professionelle Reinigung von Orientteppichen <\/h2>\t\t\t\t<\/div>\n\t\t\t\t<\/div>\n\t\t\t\t<div class=\"elementor-element elementor-element-0f7a7af elementor-widget elementor-widget-text-editor\" data-id=\"0f7a7af\" data-element_type=\"widget\" data-e-type=\"widget\" data-widget_type=\"text-editor.default\">\n\t\t\t\t<div class=\"elementor-widget-container\">\n\t\t\t\t\t\t\t\t\t<p>\u00a0<\/p><p>Orientteppiche sind aufgrund ihrer einzigartigen Sch\u00f6nheit und der besonderen Fertigungstechnik kostbare St\u00fccke, die bei richtiger Pflege Jahrzehnte oder sogar Jahrhunderte in ihrem urspr\u00fcnglichen Zustand bleiben k\u00f6nnen. Die <strong>R<em>einigung von orientalischen Teppichen<\/em><\/strong>\u00a0erfordert jedoch spezielle Methoden, die unbedingt beachtet werden m\u00fcssen, damit die Teppiche lange halten und ihr bestes Aussehen behalten.<\/p><p>Es ist wichtig zu verstehen, dass das Material und die Technik, die zur Herstellung der Teppiche verwendet werden, einen Einfluss auf die Art der Pflege haben. Handgefertigte Orientteppiche bestehen in der Regel aus Wolle oder Seide, mit Baumwolle, Seide oder Wolle als Schuss, w\u00e4hrend maschinell gefertigte Teppiche in der Regel aus billigeren und leichter zu reinigenden Materialien hergestellt werden.<\/p><p>Die <em>Reinigung von Hand<\/em> ist eine sanftere und effizientere Reinigungsmethode als die maschinelle Reinigung. Die Verwendung von scharfen Chemikalien und das Hochdruckwasser bei der maschinellen Reinigung kann die Fasern und Farben des Teppichs besch\u00e4digen. Verwenden Sie keine Teppichreinigungsmaschine, um handgekn\u00fcpfte Teppiche zu reinigen!<\/p><p><em>Die Reinigung von Hand<\/em> hingegen erm\u00f6glicht ein gezielteres und kontrollierteres Vorgehen und stellt sicher, dass der Teppich gr\u00fcndlich gereinigt wird, ohne ihn zu besch\u00e4digen.<\/p><p>Die <strong>Entstaubung<\/strong> <em><strong>von Orientteppichen<\/strong><\/em> ist ein wichtiger Bestandteil der Teppichpflege, da sie dazu beitr\u00e4gt, den urspr\u00fcnglichen Zustand und die Sch\u00f6nheit des Teppichs zu erhalten. Das Verstauben von Teppichen verursacht nicht nur \u00e4sthetische Probleme, sondern der Staub und Schmutz im Teppich kann auch allergische Reaktionen hervorrufen. Der erste Schritt bei der Reinigung von Orientteppichen besteht darin, Staub und Schmutz von der Oberfl\u00e4che zu entfernen. Dies wird am besten mit einem Staubsauger durchgef\u00fchrt. <em>Das Staubsaugen erfolgt in Richtung der Teppichgl\u00e4ttung, wobei die st\u00e4rkste Einstellung vermieden wird<\/em><\/p><p><em>Beim Entstauben von Orientteppichen<\/em> kann der Einsatz von Entstaubungsmaschinen f\u00fcr eine tiefere Reinigung sehr effektiv sein. Entstaubungsmaschinen entfernen den Staub von Teppichen im Grunde durch eine starke Vibration.<\/p><p>In den klassischen Teppichherstellungsl\u00e4ndern des Ostens wird der stark verstaubte Teppich verkehrt herum auf die Stra\u00dfe gelegt und der durch das Trampeln entstehende Fu\u00dfverkehr wird genutzt, um den tief sitzenden Schmutz zu entfernen.<\/p><p>Wenn die Oberfl\u00e4che des Teppichs verf\u00e4rbt oder fleckig geworden ist, sollten Sie zun\u00e4chst versuchen, die Flecken mit einer pH-neutralen L\u00f6sung aus Shampoo und Wasser und einer weichen Haarb\u00fcrste zu entfernen. Wenn es nicht m\u00f6glich ist, den <em>Fleck zu entfernen<\/em>, <em>sollten Sie sich an einen Fachmann wenden.<\/em> Die Entfernung hartn\u00e4ckiger Flecken erfordert viel Sachkenntnis und Erfahrung, denn Fleckenentferner k\u00f6nnen die Oberfl\u00e4che des Teppichs angreifen und eine unerw\u00fcnschte Reflexion hervorrufe<\/p><p>Eine gr\u00f6\u00dfere <strong>R<em>einigung von orientalischen Teppichen<\/em><\/strong> ist nicht erforderlich, es sei denn, die Teppiche werden stark beansprucht. H\u00e4ufiges Waschen kann den Lanolingehalt der Wolle verringern. Zweimal im Jahr sollten sie mit leicht essighaltigem Wasser (20 % Essig) geb\u00fcrstet werden (Sie k\u00f6nnen dies auch zu Hause machen) Verwenden Sie eine weiche Haarb\u00fcrste und achten Sie darauf, dass es schnell trocknet. Geben Sie etwa 1-1,5 dl Essig auf einen halben Eimer Wasser. Der Essig hellt die Farben auf und t\u00f6tet Motten und andere unerw\u00fcnschte Organismen ab. Beim Abreiben des Teppichs mit Essigwasser ist es wichtig, die Gl\u00e4ttung des Teppichs immer in Richtung der Fasern vorzunehmen, um eine sch\u00f6ne, gleichm\u00e4\u00dfige Oberfl\u00e4che zu erhalten.<\/p><p>Wenn Sie eine gr\u00f6\u00dfere Reinigung Ihres Teppichs ben\u00f6tigen, \u00fcberlassen Sie das einem Fachmann! In diesem Fall wird der Teppich auf einer gro\u00dfen Betonfl\u00e4che nach einer traditionellen orientalischen Technik vollst\u00e4ndig mit Wasser geflutet, dann wird ein Reinigungsmittel in Wasser aufgel\u00f6st und auf der gesamten Oberfl\u00e4che des Teppichs verteilt. Dann reiben Sie die Teppichfasern mit einer weichen B\u00fcrste sanft ab, um das Waschmittel in die Fasern einzureiben.<\/p><p>Nachdem alle Bereiche gereinigt wurden, sollte der Teppich gr\u00fcndlich mit klarem Wasser abgesp\u00fclt werden, um Reinigungsmittel und Schmutz zu entfernen.<\/p><p><em>Nach dem Waschen des Teppichs<\/em> ist es ratsam, den \u00fcbersch\u00fcssigen Wassergehalt mit einer Zentrifuge zu entfernen. Bei Teppichen, bei denen die Gefahr des Ausblutens der Farbe besteht, kann das <em>Schleudern<\/em> sehr n\u00fctzlich sein. Nach dem Schleudern sollte der Teppich mit einer weichen B\u00fcrste in Faserrichtung ausgerichtet werden, damit die Oberfl\u00e4che nach dem Trocknen gleichm\u00e4\u00dfig aussieht.<\/p><p>Teppiche sollten am besten in einem <em>Trockenraum<\/em> oder an einem schattigen Ort in der Natur getrocknet werden.<\/p><p>Neben der Reinigung und <strong>Pflege Ihres Orientteppichs<\/strong> gibt es einige Tipps, die dazu beitragen k\u00f6nnen, die Lebensdauer Ihres Orientteppichs zu verl\u00e4ngern. Vermeiden Sie es beispielsweise, den Teppich direkter Sonneneinstrahlung oder einer hohen Luftfeuchtigkeit auszusetzen, da dies zum Verblassen der Farbe oder zum Verrotten der Wollfasern f\u00fchren kann. Es ist auch wichtig, den Teppich regelm\u00e4\u00dfig zu drehen, um eine ungleichm\u00e4\u00dfige Abnutzung zu vermeiden. Stellen Sie keine Topfpflanzen auf den Teppich, denn sie k\u00f6nnen Feuchtigkeit abgeben und den Teppich verrotten und br\u00fcchig werden lassen! Bei gr\u00f6\u00dferen M\u00f6beln, Tischen, St\u00fchlen, Schr\u00e4nken und Kommoden legen Sie bitte einen Gewichtsteiler oder M\u00f6belschutzfilz unter die Beine, um sp\u00e4tere Sch\u00e4den am Teppich zu vermeiden.<\/p><p><em>Der Schutz von handgekn\u00fcpften Teppichen vor Motten ist sehr wichtig<\/em>, da diese Insekten den Teppich schnell besch\u00e4digen k\u00f6nnen, wenn nicht die richtigen Ma\u00dfnahmen getroffen werden. Die W\u00fcrmer schl\u00fcpfen aus Motten und kauen die Wolle und Seidenfasern, die sie vor der Verpuppung als Nahrung aufnehmen<\/p><p>Der erste Schritt zum Schutz von Teppichen ist die Vorbeugung, was die richtige Lagerung und regelm\u00e4\u00dfige Reinigung einschlie\u00dft. Bewahren Sie den Teppich an einem trockenen, k\u00fchlen und gut bel\u00fcfteten Ort auf, und vermeiden Sie Orte, die st\u00e4ndig feucht, nass oder dunkel sind. Saugen Sie den Teppich regelm\u00e4\u00dfig ab, vor allem in den Ecken und an den R\u00e4ndern, wo sich Motten gerne aufhalten.<\/p><p>Wenn sich bereits Motten auf Ihrem Teppich befinden, sollten Sie sofort Ma\u00dfnahmen ergreifen, um ihre Ausbreitung zu verhindern. Es ist jedoch zu beachten, dass Motten in verschiedenen Stadien ihres Lebenskreislaufs behandelt werden m\u00fcssen und daher m\u00f6glicherweise mehrere Behandlungsrunden erforderlich sind. Wenn Sie Motten oder Mottenkot auf dem Teppich sehen oder Mottenfra\u00df feststellen, m\u00fcssen Sie den Teppich vollst\u00e4ndig waschen und anschlie\u00dfend die Teppichoberfl\u00e4che mit einem speziellen Mottenschutzmittel behandeln.<\/p><p>Auch wenn Sie sie nicht sehen, brauchen Sie einen Schutz, um sie zu verhindern. Das wirksamste Mittel, das wir verwenden, ist BioKill. Es ist ratsam, den gesamten Teppich einmal alle sechs Monate einzuspr\u00fchen und ihn trocknen zu lassen, unabh\u00e4ngig davon, ob er benutzt wird oder nicht. F\u00fcr die Lagerung von Teppichen ist es ratsam, einen speziellen, gut bel\u00fcfteten Teppichbeutel zu verwenden.<\/p><p>Schlie\u00dflich ist es wichtig zu erw\u00e4hnen, wenn Sie nicht sicher sind, wie Sie handgekn\u00fcpfte Teppiche vor Motten sch\u00fctzen, wie Sie Ihren Teppich reinigen, Rotwein, Tinte, Zuckersirup, Wachs, Kaugummi auf Ihrem Teppich versch\u00fcttet haben, immer den Rat eines Teppichreinigungsprofis in Anspruch nehmen!<\/p><p>Bei der Reinigung von antiken, alten und Vintage-Teppichen, insbesondere bei solchen, die selten oder nie gereinigt wurden, k\u00f6nnen nach der Reinigung alte Reparaturen oder abgenutzte Oberfl\u00e4chen zum Vorschein kommen, weil sie von jahrzehntelanger Patina \u00fcberzogen sind.<\/p><p>Unsere Galerie \u00fcbernimmt die professionelle Reinigung von antiken und neuen handgekn\u00fcpften Teppichen, Perserteppichen und maschinell hergestellten Teppichen mit 30 Jahren Berufserfahrung.<\/p><p><a href=\"https:\/\/keletiszonyegbolt.hu\/en\/szonyegtisztitas\" target=\"_blank\" rel=\"noopener\">https:\/\/keletiszonyegbolt.hu\/en\/szonyegtisztitas<\/a><\/p>\t\t\t\t\t\t\t\t<\/div>\n\t\t\t\t<\/div>\n\t\t\t\t\t<\/div>\n\t\t<\/div>\n\t\t\t\t\t<\/div>\n\t\t<\/section>\n\t\t\t\t<section class=\"elementor-section elementor-top-section elementor-element elementor-element-fba87ce elementor-section-boxed elementor-section-height-default elementor-section-height-default\" data-id=\"fba87ce\" data-element_type=\"section\" data-e-type=\"section\">\n\t\t\t\t\t\t<div class=\"elementor-container elementor-column-gap-default\">\n\t\t\t\t\t<div class=\"elementor-column elementor-col-25 elementor-top-column elementor-element elementor-element-7664a52\" data-id=\"7664a52\" data-element_type=\"column\" data-e-type=\"column\">\n\t\t\t<div class=\"elementor-widget-wrap elementor-element-populated\">\n\t\t\t\t\t\t<div class=\"elementor-element elementor-element-d00e8f1 elementor-widget elementor-widget-image\" data-id=\"d00e8f1\" data-element_type=\"widget\" data-e-type=\"widget\" data-widget_type=\"image.default\">\n\t\t\t\t<div class=\"elementor-widget-container\">\n\t\t\t\t\t\t\t\t\t\t\t\t\t\t\t<img fetchpriority=\"high\" decoding=\"async\" width=\"1024\" height=\"683\" src=\"https:\/\/orientalcarpetshop.com\/wp-content\/uploads\/2023\/08\/keleti-szonyegek-tisztitasa-3-1024x683.jpg\" class=\"attachment-large size-large wp-image-80001\" alt=\"keleti-szonyegek-tisztitasa (4)\" srcset=\"https:\/\/orientalcarpetshop.com\/wp-content\/uploads\/2023\/08\/keleti-szonyegek-tisztitasa-3-1024x683.jpg 1024w, https:\/\/orientalcarpetshop.com\/wp-content\/uploads\/2023\/08\/keleti-szonyegek-tisztitasa-3-300x200.jpg 300w, https:\/\/orientalcarpetshop.com\/wp-content\/uploads\/2023\/08\/keleti-szonyegek-tisztitasa-3-768x512.jpg 768w, https:\/\/orientalcarpetshop.com\/wp-content\/uploads\/2023\/08\/keleti-szonyegek-tisztitasa-3.jpg 1200w\" sizes=\"(max-width: 1024px) 100vw, 1024px\" \/>\t\t\t\t\t\t\t\t\t\t\t\t\t\t\t<\/div>\n\t\t\t\t<\/div>\n\t\t\t\t\t<\/div>\n\t\t<\/div>\n\t\t\t\t<div class=\"elementor-column elementor-col-25 elementor-top-column elementor-element elementor-element-ca1c5f9\" data-id=\"ca1c5f9\" data-element_type=\"column\" data-e-type=\"column\">\n\t\t\t<div class=\"elementor-widget-wrap elementor-element-populated\">\n\t\t\t\t\t\t<div class=\"elementor-element elementor-element-9387999 elementor-widget elementor-widget-image\" data-id=\"9387999\" data-element_type=\"widget\" data-e-type=\"widget\" data-widget_type=\"image.default\">\n\t\t\t\t<div class=\"elementor-widget-container\">\n\t\t\t\t\t\t\t\t\t\t\t\t\t\t\t<img decoding=\"async\" width=\"1024\" height=\"683\" src=\"https:\/\/orientalcarpetshop.com\/wp-content\/uploads\/2023\/08\/keleti-szonyegek-tisztitasa-6-1024x683.jpg\" class=\"attachment-large size-large wp-image-80015\" alt=\"keleti-szonyegek-tisztitasa (6)\" srcset=\"https:\/\/orientalcarpetshop.com\/wp-content\/uploads\/2023\/08\/keleti-szonyegek-tisztitasa-6-1024x683.jpg 1024w, https:\/\/orientalcarpetshop.com\/wp-content\/uploads\/2023\/08\/keleti-szonyegek-tisztitasa-6-300x200.jpg 300w, https:\/\/orientalcarpetshop.com\/wp-content\/uploads\/2023\/08\/keleti-szonyegek-tisztitasa-6-768x512.jpg 768w, https:\/\/orientalcarpetshop.com\/wp-content\/uploads\/2023\/08\/keleti-szonyegek-tisztitasa-6.jpg 1200w\" sizes=\"(max-width: 1024px) 100vw, 1024px\" \/>\t\t\t\t\t\t\t\t\t\t\t\t\t\t\t<\/div>\n\t\t\t\t<\/div>\n\t\t\t\t\t<\/div>\n\t\t<\/div>\n\t\t\t\t<div class=\"elementor-column elementor-col-25 elementor-top-column elementor-element elementor-element-1880033\" data-id=\"1880033\" data-element_type=\"column\" data-e-type=\"column\">\n\t\t\t<div class=\"elementor-widget-wrap elementor-element-populated\">\n\t\t\t\t\t\t<div class=\"elementor-element elementor-element-4dd8a90 elementor-widget elementor-widget-image\" data-id=\"4dd8a90\" data-element_type=\"widget\" data-e-type=\"widget\" data-widget_type=\"image.default\">\n\t\t\t\t<div class=\"elementor-widget-container\">\n\t\t\t\t\t\t\t\t\t\t\t\t\t\t\t<img decoding=\"async\" width=\"1024\" height=\"683\" src=\"https:\/\/orientalcarpetshop.com\/wp-content\/uploads\/2023\/08\/keleti-szonyegek-tisztitasa-4-1024x683.jpg\" class=\"attachment-large size-large wp-image-80004\" alt=\"keleti-szonyegek-tisztitasa (4)\" srcset=\"https:\/\/orientalcarpetshop.com\/wp-content\/uploads\/2023\/08\/keleti-szonyegek-tisztitasa-4-1024x683.jpg 1024w, https:\/\/orientalcarpetshop.com\/wp-content\/uploads\/2023\/08\/keleti-szonyegek-tisztitasa-4-300x200.jpg 300w, https:\/\/orientalcarpetshop.com\/wp-content\/uploads\/2023\/08\/keleti-szonyegek-tisztitasa-4-768x512.jpg 768w, https:\/\/orientalcarpetshop.com\/wp-content\/uploads\/2023\/08\/keleti-szonyegek-tisztitasa-4.jpg 1200w\" sizes=\"(max-width: 1024px) 100vw, 1024px\" \/>\t\t\t\t\t\t\t\t\t\t\t\t\t\t\t<\/div>\n\t\t\t\t<\/div>\n\t\t\t\t\t<\/div>\n\t\t<\/div>\n\t\t\t\t<div class=\"elementor-column elementor-col-25 elementor-top-column elementor-element elementor-element-d715823\" data-id=\"d715823\" data-element_type=\"column\" data-e-type=\"column\">\n\t\t\t<div class=\"elementor-widget-wrap elementor-element-populated\">\n\t\t\t\t\t\t<div class=\"elementor-element elementor-element-b6ec86f elementor-widget elementor-widget-image\" data-id=\"b6ec86f\" data-element_type=\"widget\" data-e-type=\"widget\" data-widget_type=\"image.default\">\n\t\t\t\t<div class=\"elementor-widget-container\">\n\t\t\t\t\t\t\t\t\t\t\t\t\t\t\t<img loading=\"lazy\" decoding=\"async\" width=\"1024\" height=\"683\" src=\"https:\/\/orientalcarpetshop.com\/wp-content\/uploads\/2023\/08\/keleti-szonyegek-tisztitasa-1-1024x683.jpg\" class=\"attachment-large size-large wp-image-79995\" alt=\"keleti-szonyegek-tisztitasa (1)\" srcset=\"https:\/\/orientalcarpetshop.com\/wp-content\/uploads\/2023\/08\/keleti-szonyegek-tisztitasa-1-1024x683.jpg 1024w, https:\/\/orientalcarpetshop.com\/wp-content\/uploads\/2023\/08\/keleti-szonyegek-tisztitasa-1-300x200.jpg 300w, https:\/\/orientalcarpetshop.com\/wp-content\/uploads\/2023\/08\/keleti-szonyegek-tisztitasa-1-768x512.jpg 768w, https:\/\/orientalcarpetshop.com\/wp-content\/uploads\/2023\/08\/keleti-szonyegek-tisztitasa-1.jpg 1200w\" sizes=\"(max-width: 1024px) 100vw, 1024px\" \/>\t\t\t\t\t\t\t\t\t\t\t\t\t\t\t<\/div>\n\t\t\t\t<\/div>\n\t\t\t\t\t<\/div>\n\t\t<\/div>\n\t\t\t\t\t<\/div>\n\t\t<\/section>\n\t\t\t\t<\/div>\n\t\t","protected":false},"excerpt":{"rendered":"<p>Professionelle Reinigung von Orientteppichen \u00a0 Orientteppiche sind aufgrund ihrer einzigartigen Sch\u00f6nheit und der besonderen Fertigungstechnik kostbare St\u00fccke, die bei richtiger Pflege Jahrzehnte oder sogar Jahrhunderte in ihrem urspr\u00fcnglichen Zustand bleiben k\u00f6nnen. Die Reinigung von orientalischen Teppichen\u00a0erfordert jedoch spezielle Methoden, die unbedingt beachtet werden m\u00fcssen, damit die Teppiche lange halten und ihr bestes Aussehen behalten. Es&hellip;<\/p>\n","protected":false},"author":7,"featured_media":0,"parent":0,"menu_order":0,"comment_status":"closed","ping_status":"closed","template":"elementor_header_footer","meta":{"footnotes":""},"class_list":["post-80216","page","type-page","status-publish","hentry"],"_links":{"self":[{"href":"https:\/\/orientalcarpetshop.com\/de\/wp-json\/wp\/v2\/pages\/80216","targetHints":{"allow":["GET"]}}],"collection":[{"href":"https:\/\/orientalcarpetshop.com\/de\/wp-json\/wp\/v2\/pages"}],"about":[{"href":"https:\/\/orientalcarpetshop.com\/de\/wp-json\/wp\/v2\/types\/page"}],"author":[{"embeddable":true,"href":"https:\/\/orientalcarpetshop.com\/de\/wp-json\/wp\/v2\/users\/7"}],"replies":[{"embeddable":true,"href":"https:\/\/orientalcarpetshop.com\/de\/wp-json\/wp\/v2\/comments?post=80216"}],"version-history":[{"count":0,"href":"https:\/\/orientalcarpetshop.com\/de\/wp-json\/wp\/v2\/pages\/80216\/revisions"}],"wp:attachment":[{"href":"https:\/\/orientalcarpetshop.com\/de\/wp-json\/wp\/v2\/media?parent=80216"}],"curies":[{"name":"wp","href":"https:\/\/api.w.org\/{rel}","templated":true}]}}